{"id":27,"date":"2023-05-26T11:00:10","date_gmt":"2023-05-26T09:00:10","guid":{"rendered":"https:\/\/lab.sli-service.de\/wordpress\/?page_id=27"},"modified":"2024-10-06T10:57:28","modified_gmt":"2024-10-06T08:57:28","slug":"buchungsseite-bestellabholung","status":"publish","type":"page","link":"https:\/\/www.alpenbrenner.de\/lexikon\/buchungsseite-bestellabholung\/","title":{"rendered":"Bestellabholung"},"content":{"rendered":"<!--\nPlugin Name: Bookly - Responsive WordPress Appointment Booking and Scheduling Plugin\nPlugin URI: https:\/\/www.booking-wp-plugin.com\/?utm_source=bookly_admin&utm_medium=plugins_page&utm_campaign=plugins_page\nVersion: 27.2-->\n<style type=\"text\/css\">\n    :root {\n        --bookly-main-color: #4d3016 !important;\n        --bookly-color: #4d3016 !important;\n    }\n\n        .bookly-form-group[data-type=\"category\"]{\ndisplay:none\n}\n.bookly-form-group[data-type=\"staff\"]{\ndisplay:none\n}    <\/style><div class=\"bookly-css-root\">\n    <div id=\"bookly-form-container-69eb1c261f8dc\" class=\"bookly-form\" data-form_id=\"\" aria-live=\"polite\">\n        <div style=\"text-align: center\"><img decoding=\"async\" src=\"https:\/\/www.alpenbrenner.de\/lexikon\/wp-includes\/js\/tinymce\/skins\/lightgray\/img\/loader.gif\" alt=\"Wird geladen ...\"\/><\/div>\n    <\/div>\n<\/div>\n<script type=\"text\/javascript\">\n    (function (win, fn) {\n        var done = false, top = true,\n            doc = win.document,\n            root = doc.documentElement,\n            modern = doc.addEventListener,\n            add = modern ? 'addEventListener' : 'attachEvent',\n            rem = modern ? 'removeEventListener' : 'detachEvent',\n            pre = modern ? '' : 'on',\n            init = function (e) {\n                if (e.type == 'readystatechange') if (doc.readyState != 'complete') return;\n                (e.type == 'load' ? win : doc)[rem](pre + e.type, init, false);\n                if (!done) {\n                    done = true;\n                    fn.call(win, e.type || e);\n                }\n            },\n            poll = function () {\n                try {\n                    root.doScroll('left');\n                } catch (e) {\n                    setTimeout(poll, 50);\n                    return;\n                }\n                init('poll');\n            };\n        if (doc.readyState == 'complete') fn.call(win, 'lazy');\n        else {\n            if (!modern) if (root.doScroll) {\n                try {\n                    top = !win.frameElement;\n                } catch (e) {\n                }\n                if (top) poll();\n            }\n            doc[add](pre + 'DOMContentLoaded', init, false);\n            doc[add](pre + 'readystatechange', init, false);\n            win[add](pre + 'load', init, false);\n        }\n    })(window, function () {\n        window.bookly( {\"form_id\":\"69eb1c261f8dc\",\"form_data\":{\"skip_service_step\":0,\"hide_service_part1\":0,\"hide_service_part2\":0,\"defaults\":{\"service_id\":0,\"staff_id\":0,\"location_id\":0,\"category_id\":0,\"units\":0,\"date_from\":0,\"time_from\":0,\"time_to\":0}},\"status\":{\"booking\":\"new\"},\"form_token\":null,\"skip_steps\":{\"service_part1\":0,\"service_part2\":0,\"extras\":1,\"time\":0,\"repeat\":1,\"cart\":1},\"errors\":{\"session_error\":\"Session-Fehler.\",\"form_id_error\":\"Formular-ID Fehler.\",\"cart_item_not_available\":\"Die eingestellte Zeit ist nicht mehr vorhanden. Bitte w\\u00e4hlen Sie ein anderes Zeitfenster\\n.\",\"pay_locally_not_available\":\"Vor Ort zahlen ist nicht verf\\u00fcgbar.\",\"invalid_gateway\":\"Ung\\u00fcltiger Zugang.\",\"payment_error\":\"Fehler.\",\"incorrect_username_password\":\"Der Benutzername oder das Passwort ist falsch.\"},\"form_attributes\":{\"hide_categories\":false,\"hide_services\":false,\"hide_staff_members\":false,\"show_number_of_persons\":false,\"hide_service_duration\":true,\"hide_locations\":true,\"hide_quantity\":true,\"hide_date\":false,\"hide_week_days\":false,\"hide_time_range\":false},\"use_client_time_zone\":0,\"defaults\":{\"service_id\":0,\"staff_id\":0,\"location_id\":0,\"category_id\":0},\"datepicker_mode\":\"text-accent\"} );\n    });\n<\/script>\n\n\n<h2 class=\"wp-block-heading\">Ihre Bestellung ist bereit zur Abholung \u2013 besuchen Sie uns vor Ort!<\/h2>\n\n\n\n<p><\/p>\n\n\n\n<p>Nachhaltigkeit bedeutet f\u00fcr uns auch, lokal pr\u00e4sent zu sein. Besuchen Sie uns direkt in Augsburg, im Stadtteil Kriegshaber, und entdecken Sie unser kleines aber feines Ladengesch\u00e4ft direkt an der Stra\u00dfenbahnlinie 2 im:<\/p>\n\n\n<div class=\"wp-block-image\">\n<figure class=\"aligncenter size-full is-resized\"><img loading=\"lazy\" decoding=\"async\" width=\"809\" height=\"770\" src=\"https:\/\/lab.sli-service.de\/wordpress\/wp-content\/uploads\/2024\/10\/Anfahrt-Ulmerstr.png\" alt=\"Alpenbrenner Lageplan\" class=\"wp-image-209\" style=\"width:554px;height:auto\" srcset=\"https:\/\/www.alpenbrenner.de\/lexikon\/wp-content\/uploads\/2024\/10\/Anfahrt-Ulmerstr.png 809w, https:\/\/www.alpenbrenner.de\/lexikon\/wp-content\/uploads\/2024\/10\/Anfahrt-Ulmerstr-300x286.png 300w, https:\/\/www.alpenbrenner.de\/lexikon\/wp-content\/uploads\/2024\/10\/Anfahrt-Ulmerstr-768x731.png 768w\" sizes=\"auto, (max-width: 809px) 100vw, 809px\" \/><\/figure>\n<\/div>\n\n\n<p><strong>Augsburger Gewerbehof.<br>Alpenbrenner<br>Ulmer Stra\u00dfe 160<br>Eingang G2<br>86156 Augsburg<\/strong><\/p>\n\n\n\n<p>Entweder kommen Sie w\u00e4hrend unserer regul\u00e4ren \u00d6ffnungszeiten vorbei oder vereinbaren einfach einen Abholtermin au\u00dferhalb der \u00d6ffnungszeiten, \u00fcber unser Buchungssystem.<\/p>\n\n\n\n<p>(Link)<\/p>\n\n\n\n<p>Wir freuen uns auf Ihren Besuch!<\/p>\n\n\n\n<p>Mit freundlichen Gr\u00fc\u00dfen,<br>Ihr Alpenbrenner Team<\/p>\n\n\n\n<p><\/p>\n","protected":false},"excerpt":{"rendered":"<p>Ihre Bestellung ist bereit zur Abholung \u2013 besuchen Sie uns vor Ort! Nachhaltigkeit bedeutet f\u00fcr uns auch, lokal pr\u00e4sent zu sein. Besuchen Sie uns direkt in Augsburg, im Stadtteil Kriegshaber, und entdecken Sie unser kleines aber feines Ladengesch\u00e4ft direkt an der Stra\u00dfenbahnlinie 2 im: Augsburger Gewerbehof.AlpenbrennerUlmer Stra\u00dfe 160Eingang G286156 Augsburg Entweder kommen Sie w\u00e4hrend unserer [&hellip;]<\/p>\n","protected":false},"author":1,"featured_media":0,"parent":0,"menu_order":0,"comment_status":"closed","ping_status":"closed","template":"","meta":{"footnotes":""},"class_list":["post-27","page","type-page","status-publish","hentry"],"yoast_head":"<!-- This site is optimized with the Yoast SEO plugin v27.3 - https:\/\/yoast.com\/product\/yoast-seo-wordpress\/ -->\n<title>Bestellabholung - Alpenbrenner Blog &amp; Lexikon<\/title>\n<meta name=\"robots\" content=\"noindex, nofollow\" \/>\n<meta property=\"og:locale\" content=\"de_DE\" \/>\n<meta property=\"og:type\" content=\"article\" \/>\n<meta property=\"og:title\" content=\"Bestellabholung - Alpenbrenner Blog &amp; Lexikon\" \/>\n<meta property=\"og:description\" content=\"Ihre Bestellung ist bereit zur Abholung \u2013 besuchen Sie uns vor Ort! Nachhaltigkeit bedeutet f\u00fcr uns auch, lokal pr\u00e4sent zu sein. Besuchen Sie uns direkt in Augsburg, im Stadtteil Kriegshaber, und entdecken Sie unser kleines aber feines Ladengesch\u00e4ft direkt an der Stra\u00dfenbahnlinie 2 im: Augsburger Gewerbehof.AlpenbrennerUlmer Stra\u00dfe 160Eingang G286156 Augsburg Entweder kommen Sie w\u00e4hrend unserer [&hellip;]\" \/>\n<meta property=\"og:url\" content=\"https:\/\/www.alpenbrenner.de\/lexikon\/buchungsseite-bestellabholung\/\" \/>\n<meta property=\"og:site_name\" content=\"Alpenbrenner Blog &amp; Lexikon\" \/>\n<meta property=\"article:modified_time\" content=\"2024-10-06T08:57:28+00:00\" \/>\n<meta property=\"og:image\" content=\"https:\/\/lab.sli-service.de\/wordpress\/wp-content\/uploads\/2024\/10\/Anfahrt-Ulmerstr.png\" \/>\n<meta name=\"twitter:card\" content=\"summary_large_image\" \/>\n<meta name=\"twitter:label1\" content=\"Gesch\u00e4tzte Lesezeit\" \/>\n\t<meta name=\"twitter:data1\" content=\"1\u00a0Minute\" \/>\n<script type=\"application\/ld+json\" class=\"yoast-schema-graph\">{\"@context\":\"https:\\\/\\\/schema.org\",\"@graph\":[{\"@type\":\"WebPage\",\"@id\":\"https:\\\/\\\/www.alpenbrenner.de\\\/lexikon\\\/buchungsseite-bestellabholung\\\/\",\"url\":\"https:\\\/\\\/www.alpenbrenner.de\\\/lexikon\\\/buchungsseite-bestellabholung\\\/\",\"name\":\"Bestellabholung - Alpenbrenner Blog &amp; Lexikon\",\"isPartOf\":{\"@id\":\"https:\\\/\\\/www.alpenbrenner.de\\\/lexikon\\\/#website\"},\"primaryImageOfPage\":{\"@id\":\"https:\\\/\\\/www.alpenbrenner.de\\\/lexikon\\\/buchungsseite-bestellabholung\\\/#primaryimage\"},\"image\":{\"@id\":\"https:\\\/\\\/www.alpenbrenner.de\\\/lexikon\\\/buchungsseite-bestellabholung\\\/#primaryimage\"},\"thumbnailUrl\":\"https:\\\/\\\/lab.sli-service.de\\\/wordpress\\\/wp-content\\\/uploads\\\/2024\\\/10\\\/Anfahrt-Ulmerstr.png\",\"datePublished\":\"2023-05-26T09:00:10+00:00\",\"dateModified\":\"2024-10-06T08:57:28+00:00\",\"breadcrumb\":{\"@id\":\"https:\\\/\\\/www.alpenbrenner.de\\\/lexikon\\\/buchungsseite-bestellabholung\\\/#breadcrumb\"},\"inLanguage\":\"de\",\"potentialAction\":[{\"@type\":\"ReadAction\",\"target\":[\"https:\\\/\\\/www.alpenbrenner.de\\\/lexikon\\\/buchungsseite-bestellabholung\\\/\"]}]},{\"@type\":\"ImageObject\",\"inLanguage\":\"de\",\"@id\":\"https:\\\/\\\/www.alpenbrenner.de\\\/lexikon\\\/buchungsseite-bestellabholung\\\/#primaryimage\",\"url\":\"https:\\\/\\\/lab.sli-service.de\\\/wordpress\\\/wp-content\\\/uploads\\\/2024\\\/10\\\/Anfahrt-Ulmerstr.png\",\"contentUrl\":\"https:\\\/\\\/lab.sli-service.de\\\/wordpress\\\/wp-content\\\/uploads\\\/2024\\\/10\\\/Anfahrt-Ulmerstr.png\"},{\"@type\":\"BreadcrumbList\",\"@id\":\"https:\\\/\\\/www.alpenbrenner.de\\\/lexikon\\\/buchungsseite-bestellabholung\\\/#breadcrumb\",\"itemListElement\":[{\"@type\":\"ListItem\",\"position\":1,\"name\":\"Start\",\"item\":\"https:\\\/\\\/www.alpenbrenner.de\\\/lexikon\\\/\"},{\"@type\":\"ListItem\",\"position\":2,\"name\":\"Bestellabholung\"}]},{\"@type\":\"WebSite\",\"@id\":\"https:\\\/\\\/www.alpenbrenner.de\\\/lexikon\\\/#website\",\"url\":\"https:\\\/\\\/www.alpenbrenner.de\\\/lexikon\\\/\",\"name\":\"Alpenbrenner Blog &amp; Lexikon\",\"description\":\"Alles rund um Schnaps und Lik\u00f6r\",\"potentialAction\":[{\"@type\":\"SearchAction\",\"target\":{\"@type\":\"EntryPoint\",\"urlTemplate\":\"https:\\\/\\\/www.alpenbrenner.de\\\/lexikon\\\/?s={search_term_string}\"},\"query-input\":{\"@type\":\"PropertyValueSpecification\",\"valueRequired\":true,\"valueName\":\"search_term_string\"}}],\"inLanguage\":\"de\"}]}<\/script>\n<!-- \/ Yoast SEO plugin. -->","yoast_head_json":{"title":"Bestellabholung - Alpenbrenner Blog &amp; Lexikon","robots":{"index":"noindex","follow":"nofollow"},"og_locale":"de_DE","og_type":"article","og_title":"Bestellabholung - Alpenbrenner Blog &amp; Lexikon","og_description":"Ihre Bestellung ist bereit zur Abholung \u2013 besuchen Sie uns vor Ort! Nachhaltigkeit bedeutet f\u00fcr uns auch, lokal pr\u00e4sent zu sein. Besuchen Sie uns direkt in Augsburg, im Stadtteil Kriegshaber, und entdecken Sie unser kleines aber feines Ladengesch\u00e4ft direkt an der Stra\u00dfenbahnlinie 2 im: Augsburger Gewerbehof.AlpenbrennerUlmer Stra\u00dfe 160Eingang G286156 Augsburg Entweder kommen Sie w\u00e4hrend unserer [&hellip;]","og_url":"https:\/\/www.alpenbrenner.de\/lexikon\/buchungsseite-bestellabholung\/","og_site_name":"Alpenbrenner Blog &amp; Lexikon","article_modified_time":"2024-10-06T08:57:28+00:00","og_image":[{"url":"https:\/\/lab.sli-service.de\/wordpress\/wp-content\/uploads\/2024\/10\/Anfahrt-Ulmerstr.png","type":"","width":"","height":""}],"twitter_card":"summary_large_image","twitter_misc":{"Gesch\u00e4tzte Lesezeit":"1\u00a0Minute"},"schema":{"@context":"https:\/\/schema.org","@graph":[{"@type":"WebPage","@id":"https:\/\/www.alpenbrenner.de\/lexikon\/buchungsseite-bestellabholung\/","url":"https:\/\/www.alpenbrenner.de\/lexikon\/buchungsseite-bestellabholung\/","name":"Bestellabholung - Alpenbrenner Blog &amp; Lexikon","isPartOf":{"@id":"https:\/\/www.alpenbrenner.de\/lexikon\/#website"},"primaryImageOfPage":{"@id":"https:\/\/www.alpenbrenner.de\/lexikon\/buchungsseite-bestellabholung\/#primaryimage"},"image":{"@id":"https:\/\/www.alpenbrenner.de\/lexikon\/buchungsseite-bestellabholung\/#primaryimage"},"thumbnailUrl":"https:\/\/lab.sli-service.de\/wordpress\/wp-content\/uploads\/2024\/10\/Anfahrt-Ulmerstr.png","datePublished":"2023-05-26T09:00:10+00:00","dateModified":"2024-10-06T08:57:28+00:00","breadcrumb":{"@id":"https:\/\/www.alpenbrenner.de\/lexikon\/buchungsseite-bestellabholung\/#breadcrumb"},"inLanguage":"de","potentialAction":[{"@type":"ReadAction","target":["https:\/\/www.alpenbrenner.de\/lexikon\/buchungsseite-bestellabholung\/"]}]},{"@type":"ImageObject","inLanguage":"de","@id":"https:\/\/www.alpenbrenner.de\/lexikon\/buchungsseite-bestellabholung\/#primaryimage","url":"https:\/\/lab.sli-service.de\/wordpress\/wp-content\/uploads\/2024\/10\/Anfahrt-Ulmerstr.png","contentUrl":"https:\/\/lab.sli-service.de\/wordpress\/wp-content\/uploads\/2024\/10\/Anfahrt-Ulmerstr.png"},{"@type":"BreadcrumbList","@id":"https:\/\/www.alpenbrenner.de\/lexikon\/buchungsseite-bestellabholung\/#breadcrumb","itemListElement":[{"@type":"ListItem","position":1,"name":"Start","item":"https:\/\/www.alpenbrenner.de\/lexikon\/"},{"@type":"ListItem","position":2,"name":"Bestellabholung"}]},{"@type":"WebSite","@id":"https:\/\/www.alpenbrenner.de\/lexikon\/#website","url":"https:\/\/www.alpenbrenner.de\/lexikon\/","name":"Alpenbrenner Blog &amp; Lexikon","description":"Alles rund um Schnaps und Lik\u00f6r","potentialAction":[{"@type":"SearchAction","target":{"@type":"EntryPoint","urlTemplate":"https:\/\/www.alpenbrenner.de\/lexikon\/?s={search_term_string}"},"query-input":{"@type":"PropertyValueSpecification","valueRequired":true,"valueName":"search_term_string"}}],"inLanguage":"de"}]}},"_links":{"self":[{"href":"https:\/\/www.alpenbrenner.de\/lexikon\/wp-json\/wp\/v2\/pages\/27","targetHints":{"allow":["GET"]}}],"collection":[{"href":"https:\/\/www.alpenbrenner.de\/lexikon\/wp-json\/wp\/v2\/pages"}],"about":[{"href":"https:\/\/www.alpenbrenner.de\/lexikon\/wp-json\/wp\/v2\/types\/page"}],"author":[{"embeddable":true,"href":"https:\/\/www.alpenbrenner.de\/lexikon\/wp-json\/wp\/v2\/users\/1"}],"replies":[{"embeddable":true,"href":"https:\/\/www.alpenbrenner.de\/lexikon\/wp-json\/wp\/v2\/comments?post=27"}],"version-history":[{"count":3,"href":"https:\/\/www.alpenbrenner.de\/lexikon\/wp-json\/wp\/v2\/pages\/27\/revisions"}],"predecessor-version":[{"id":212,"href":"https:\/\/www.alpenbrenner.de\/lexikon\/wp-json\/wp\/v2\/pages\/27\/revisions\/212"}],"wp:attachment":[{"href":"https:\/\/www.alpenbrenner.de\/lexikon\/wp-json\/wp\/v2\/media?parent=27"}],"curies":[{"name":"wp","href":"https:\/\/api.w.org\/{rel}","templated":true}]}}